{"id":4609,"date":"2023-11-06T15:07:38","date_gmt":"2023-11-06T14:07:38","guid":{"rendered":"http:\/\/neu.eigerguesthouse.com\/?page_id=4609"},"modified":"2026-01-02T10:25:28","modified_gmt":"2026-01-02T10:25:28","slug":"impressum","status":"publish","type":"page","link":"https:\/\/eigerguesthouse.com\/en\/impressum\/","title":{"rendered":"Imprint"},"content":{"rendered":"<div data-elementor-type=\"wp-page\" data-elementor-id=\"4609\" class=\"elementor elementor-4609\" data-elementor-post-type=\"page\">\n\t\t\t\t<div class=\"elementor-element elementor-element-5a9c1dd e-flex e-con-boxed e-con e-parent\" data-id=\"5a9c1dd\" data-element_type=\"container\" data-e-type=\"container\" data-settings=\"{&quot;background_background&quot;:&quot;classic&quot;}\">\n\t\t\t\t\t<div class=\"e-con-inner\">\n\t\t<div class=\"elementor-element elementor-element-d76b7f9 e-con-full e-flex e-con e-child\" data-id=\"d76b7f9\" data-element_type=\"container\" data-e-type=\"container\" data-settings=\"{&quot;background_background&quot;:&quot;classic&quot;}\">\n\t\t\t\t<div class=\"elementor-element elementor-element-7474174 elementor-widget elementor-widget-heading\" data-id=\"7474174\" data-element_type=\"widget\" data-e-type=\"widget\" data-widget_type=\"heading.default\">\n\t\t\t\t<div class=\"elementor-widget-container\">\n\t\t\t\t\t<h2 class=\"elementor-heading-title elementor-size-default\">Imprint<\/h2>\t\t\t\t<\/div>\n\t\t\t\t<\/div>\n\t\t\t\t<div class=\"elementor-element elementor-element-913c91a elementor-widget elementor-widget-text-editor\" data-id=\"913c91a\" data-element_type=\"widget\" data-e-type=\"widget\" data-widget_type=\"text-editor.default\">\n\t\t\t\t<div class=\"elementor-widget-container\">\n\t\t\t\t\t\t\t\t\t<p><strong>RESPONSIBLE OPERATOR<\/strong><br \/>Eiger Guesthouse AG\u2028<br \/>3825 M\u00fcrren Switzerland<br \/>Phone +41 (0)33 856 54 60<br \/>info@eigerguesthouse.com<br \/>www.eigerguesthouse.com<\/p><p><strong>DESIGN, PROGRAMMING &amp; REALIZATION<\/strong><br \/>wermedesign<br \/>D-89257 Illertissen<br \/><a href=\"http:\/\/www.wernedesign.de\">www.wernedesign.de<\/a><\/p><p><strong>LEGAL NOTICE<\/strong><br \/>All information on this website has been carefully researched and checked. Eiger Guesthouse AG endeavors to constantly expand and update this information. However, no guarantee can be given for the completeness, accuracy and up-to-dateness of the information. Furthermore, Eiger Guesthouse AG reserves the right to make changes or additions to the information provided. Eiger Guesthouse AG accepts no liability whatsoever for claims in connection with these Internet pages. The same applies to all other websites to which reference is made by means of hyperlinks. A hyperlink to this website may only be set up with the consent of Eiger Guesthouse AG.\u2028<\/p><p>\u00a9 Eiger Guesthouse M\u00fcrren<\/p>\t\t\t\t\t\t\t\t<\/div>\n\t\t\t\t<\/div>\n\t\t\t\t<\/div>\n\t\t<div class=\"elementor-element elementor-element-7c30ebe e-con-full e-flex e-con e-child\" data-id=\"7c30ebe\" data-element_type=\"container\" data-e-type=\"container\">\n\t\t\t\t<\/div>\n\t\t\t\t\t<\/div>\n\t\t\t\t<\/div>\n\t\t\t\t<\/div>","protected":false},"excerpt":{"rendered":"<p>Impressum VERANTWORTLICHER BETREIBEREiger Guesthouse AG\u20283825 M\u00fcrren SchweizTelefon +41 (0)33 856 54 60info@eigerguesthouse.comwww.eigerguesthouse.com DESIGN, PROGRAMMIERUNG &amp; REALISATIONwermedesignD-89257 Illertissenwww.wernedesign.de RECHTSHINWEISAlle Informationen auf diesen Internet-Seiten wurden sorgf\u00e4ltig recherchiert und gepr\u00fcft. Eiger Guesthouse AG bem\u00fcht sich, dieses Informationsangebot stetig zu erweitern und zu aktualisieren. Eine Garantie f\u00fcr die Vollst\u00e4ndigkeit, Richtigkeit und letzte Aktualit\u00e4t kann jedoch nicht \u00fcbernommen werden. Des [&hellip;]<\/p>\n","protected":false},"author":1,"featured_media":0,"parent":0,"menu_order":0,"comment_status":"closed","ping_status":"closed","template":"elementor_header_footer","meta":{"footnotes":""},"class_list":["post-4609","page","type-page","status-publish","hentry"],"yoast_head":"<!-- This site is optimized with the Yoast SEO plugin v27.2 - https:\/\/yoast.com\/product\/yoast-seo-wordpress\/ -->\n<title>Impressum - Eiger Guesthouse in M\u00fcrren, Junfrauregion, Schweiz<\/title>\n<meta name=\"robots\" content=\"noindex, follow\" \/>\n<meta property=\"og:locale\" content=\"en_GB\" \/>\n<meta property=\"og:type\" content=\"article\" \/>\n<meta property=\"og:title\" content=\"Impressum - Eiger Guesthouse in M\u00fcrren, Junfrauregion, Schweiz\" \/>\n<meta property=\"og:description\" content=\"Impressum VERANTWORTLICHER BETREIBEREiger Guesthouse AG\u20283825 M\u00fcrren SchweizTelefon +41 (0)33 856 54 60info@eigerguesthouse.comwww.eigerguesthouse.com DESIGN, PROGRAMMIERUNG &amp; REALISATIONwermedesignD-89257 Illertissenwww.wernedesign.de RECHTSHINWEISAlle Informationen auf diesen Internet-Seiten wurden sorgf\u00e4ltig recherchiert und gepr\u00fcft. Eiger Guesthouse AG bem\u00fcht sich, dieses Informationsangebot stetig zu erweitern und zu aktualisieren. Eine Garantie f\u00fcr die Vollst\u00e4ndigkeit, Richtigkeit und letzte Aktualit\u00e4t kann jedoch nicht \u00fcbernommen werden. Des [&hellip;]\" \/>\n<meta property=\"og:url\" content=\"https:\/\/eigerguesthouse.com\/en\/impressum\/\" \/>\n<meta property=\"og:site_name\" content=\"Eiger Guesthouse in M\u00fcrren, Junfrauregion, Schweiz\" \/>\n<meta property=\"article:publisher\" content=\"https:\/\/www.facebook.com\/guesthouse.muerren\" \/>\n<meta property=\"article:modified_time\" content=\"2026-01-02T10:25:28+00:00\" \/>\n<meta name=\"twitter:card\" content=\"summary_large_image\" \/>\n<meta name=\"twitter:label1\" content=\"Estimated reading time\" \/>\n\t<meta name=\"twitter:data1\" content=\"1 minute\" \/>\n<script type=\"application\/ld+json\" class=\"yoast-schema-graph\">{\"@context\":\"https:\/\/schema.org\",\"@graph\":[{\"@type\":\"WebPage\",\"@id\":\"https:\/\/eigerguesthouse.com\/impressum\/\",\"url\":\"https:\/\/eigerguesthouse.com\/impressum\/\",\"name\":\"Impressum - Eiger Guesthouse in M\u00fcrren, Junfrauregion, Schweiz\",\"isPartOf\":{\"@id\":\"https:\/\/eigerguesthouse.com\/#website\"},\"datePublished\":\"2023-11-06T14:07:38+00:00\",\"dateModified\":\"2026-01-02T10:25:28+00:00\",\"breadcrumb\":{\"@id\":\"https:\/\/eigerguesthouse.com\/impressum\/#breadcrumb\"},\"inLanguage\":\"en-GB\",\"potentialAction\":[{\"@type\":\"ReadAction\",\"target\":[\"https:\/\/eigerguesthouse.com\/impressum\/\"]}]},{\"@type\":\"BreadcrumbList\",\"@id\":\"https:\/\/eigerguesthouse.com\/impressum\/#breadcrumb\",\"itemListElement\":[{\"@type\":\"ListItem\",\"position\":1,\"name\":\"Startseite\",\"item\":\"https:\/\/eigerguesthouse.com\/\"},{\"@type\":\"ListItem\",\"position\":2,\"name\":\"Impressum\"}]},{\"@type\":\"WebSite\",\"@id\":\"https:\/\/eigerguesthouse.com\/#website\",\"url\":\"https:\/\/eigerguesthouse.com\/\",\"name\":\"Eiger Guesthouse in M\u00fcrren, Junfrauregion, Schweiz\",\"description\":\"Eiger Guesthouse in M\u00fcrren, Junfrauregion, Schweiz\",\"publisher\":{\"@id\":\"https:\/\/eigerguesthouse.com\/#organization\"},\"potentialAction\":[{\"@type\":\"SearchAction\",\"target\":{\"@type\":\"EntryPoint\",\"urlTemplate\":\"https:\/\/eigerguesthouse.com\/?s={search_term_string}\"},\"query-input\":{\"@type\":\"PropertyValueSpecification\",\"valueRequired\":true,\"valueName\":\"search_term_string\"}}],\"inLanguage\":\"en-GB\"},{\"@type\":\"Organization\",\"@id\":\"https:\/\/eigerguesthouse.com\/#organization\",\"name\":\"Eiger Guesthouse in M\u00fcrren, Junfrauregion, Schweiz\",\"url\":\"https:\/\/eigerguesthouse.com\/\",\"logo\":{\"@type\":\"ImageObject\",\"inLanguage\":\"en-GB\",\"@id\":\"https:\/\/eigerguesthouse.com\/#\/schema\/logo\/image\/\",\"url\":\"https:\/\/eigerguesthouse.com\/wp-content\/uploads\/2023\/06\/Logo_eigerguesthouse_white2.svg\",\"contentUrl\":\"https:\/\/eigerguesthouse.com\/wp-content\/uploads\/2023\/06\/Logo_eigerguesthouse_white2.svg\",\"width\":183,\"height\":94,\"caption\":\"Eiger Guesthouse in M\u00fcrren, Junfrauregion, Schweiz\"},\"image\":{\"@id\":\"https:\/\/eigerguesthouse.com\/#\/schema\/logo\/image\/\"},\"sameAs\":[\"https:\/\/www.facebook.com\/guesthouse.muerren\",\"https:\/\/www.instagram.com\/eigerguesthouse3825\/\"]}]}<\/script>\n<!-- \/ Yoast SEO plugin. -->","yoast_head_json":{"title":"Impressum - Eiger Guesthouse in M\u00fcrren, Junfrauregion, Schweiz","robots":{"index":"noindex","follow":"follow"},"og_locale":"en_GB","og_type":"article","og_title":"Impressum - Eiger Guesthouse in M\u00fcrren, Junfrauregion, Schweiz","og_description":"Impressum VERANTWORTLICHER BETREIBEREiger Guesthouse AG\u20283825 M\u00fcrren SchweizTelefon +41 (0)33 856 54 60info@eigerguesthouse.comwww.eigerguesthouse.com DESIGN, PROGRAMMIERUNG &amp; REALISATIONwermedesignD-89257 Illertissenwww.wernedesign.de RECHTSHINWEISAlle Informationen auf diesen Internet-Seiten wurden sorgf\u00e4ltig recherchiert und gepr\u00fcft. Eiger Guesthouse AG bem\u00fcht sich, dieses Informationsangebot stetig zu erweitern und zu aktualisieren. Eine Garantie f\u00fcr die Vollst\u00e4ndigkeit, Richtigkeit und letzte Aktualit\u00e4t kann jedoch nicht \u00fcbernommen werden. Des [&hellip;]","og_url":"https:\/\/eigerguesthouse.com\/en\/impressum\/","og_site_name":"Eiger Guesthouse in M\u00fcrren, Junfrauregion, Schweiz","article_publisher":"https:\/\/www.facebook.com\/guesthouse.muerren","article_modified_time":"2026-01-02T10:25:28+00:00","twitter_card":"summary_large_image","twitter_misc":{"Estimated reading time":"1 minute"},"schema":{"@context":"https:\/\/schema.org","@graph":[{"@type":"WebPage","@id":"https:\/\/eigerguesthouse.com\/impressum\/","url":"https:\/\/eigerguesthouse.com\/impressum\/","name":"Impressum - Eiger Guesthouse in M\u00fcrren, Junfrauregion, Schweiz","isPartOf":{"@id":"https:\/\/eigerguesthouse.com\/#website"},"datePublished":"2023-11-06T14:07:38+00:00","dateModified":"2026-01-02T10:25:28+00:00","breadcrumb":{"@id":"https:\/\/eigerguesthouse.com\/impressum\/#breadcrumb"},"inLanguage":"en-GB","potentialAction":[{"@type":"ReadAction","target":["https:\/\/eigerguesthouse.com\/impressum\/"]}]},{"@type":"BreadcrumbList","@id":"https:\/\/eigerguesthouse.com\/impressum\/#breadcrumb","itemListElement":[{"@type":"ListItem","position":1,"name":"Startseite","item":"https:\/\/eigerguesthouse.com\/"},{"@type":"ListItem","position":2,"name":"Impressum"}]},{"@type":"WebSite","@id":"https:\/\/eigerguesthouse.com\/#website","url":"https:\/\/eigerguesthouse.com\/","name":"Eiger Guesthouse in M\u00fcrren, Junfrauregion, Schweiz","description":"Eiger Guesthouse in M\u00fcrren, Junfrauregion, Schweiz","publisher":{"@id":"https:\/\/eigerguesthouse.com\/#organization"},"potentialAction":[{"@type":"SearchAction","target":{"@type":"EntryPoint","urlTemplate":"https:\/\/eigerguesthouse.com\/?s={search_term_string}"},"query-input":{"@type":"PropertyValueSpecification","valueRequired":true,"valueName":"search_term_string"}}],"inLanguage":"en-GB"},{"@type":"Organization","@id":"https:\/\/eigerguesthouse.com\/#organization","name":"Eiger Guesthouse in M\u00fcrren, Junfrauregion, Schweiz","url":"https:\/\/eigerguesthouse.com\/","logo":{"@type":"ImageObject","inLanguage":"en-GB","@id":"https:\/\/eigerguesthouse.com\/#\/schema\/logo\/image\/","url":"https:\/\/eigerguesthouse.com\/wp-content\/uploads\/2023\/06\/Logo_eigerguesthouse_white2.svg","contentUrl":"https:\/\/eigerguesthouse.com\/wp-content\/uploads\/2023\/06\/Logo_eigerguesthouse_white2.svg","width":183,"height":94,"caption":"Eiger Guesthouse in M\u00fcrren, Junfrauregion, Schweiz"},"image":{"@id":"https:\/\/eigerguesthouse.com\/#\/schema\/logo\/image\/"},"sameAs":["https:\/\/www.facebook.com\/guesthouse.muerren","https:\/\/www.instagram.com\/eigerguesthouse3825\/"]}]}},"_links":{"self":[{"href":"https:\/\/eigerguesthouse.com\/en\/wp-json\/wp\/v2\/pages\/4609","targetHints":{"allow":["GET"]}}],"collection":[{"href":"https:\/\/eigerguesthouse.com\/en\/wp-json\/wp\/v2\/pages"}],"about":[{"href":"https:\/\/eigerguesthouse.com\/en\/wp-json\/wp\/v2\/types\/page"}],"author":[{"embeddable":true,"href":"https:\/\/eigerguesthouse.com\/en\/wp-json\/wp\/v2\/users\/1"}],"replies":[{"embeddable":true,"href":"https:\/\/eigerguesthouse.com\/en\/wp-json\/wp\/v2\/comments?post=4609"}],"version-history":[{"count":14,"href":"https:\/\/eigerguesthouse.com\/en\/wp-json\/wp\/v2\/pages\/4609\/revisions"}],"predecessor-version":[{"id":5574,"href":"https:\/\/eigerguesthouse.com\/en\/wp-json\/wp\/v2\/pages\/4609\/revisions\/5574"}],"wp:attachment":[{"href":"https:\/\/eigerguesthouse.com\/en\/wp-json\/wp\/v2\/media?parent=4609"}],"curies":[{"name":"wp","href":"https:\/\/api.w.org\/{rel}","templated":true}]}}